{"id":4,"date":"2015-01-12T04:42:25","date_gmt":"2015-01-12T04:42:25","guid":{"rendered":"http:\/\/i-go.co\/portal\/?page_id=4"},"modified":"2020-08-16T01:41:27","modified_gmt":"2020-08-16T01:41:27","slug":"quienes-somos","status":"publish","type":"page","link":"https:\/\/grupotecnovirtual.com\/portal\/?page_id=4","title":{"rendered":"Quienes Somos"},"content":{"rendered":"<div class=\"simple-div\">\n<div id=\"imPage\">\n<div id=\"imCel0_02\">\n<div id=\"imCel0_02_Cont\">\n<div id=\"imObj0_02\">\n<p class=\"imAlign_justify\"><span class=\"ff2 fc0 fs12 \">Grupo TecnoVirtual, S. A. es una empresa especializada en tecnolog\u00edas de la informaci\u00f3n y la comunicaci\u00f3n (TIC\u2019s), siempre a la vanguardia , que ha dise\u00f1ado programas y plataformas virtuales para instituciones educativas y empresas en Guatemala.<br \/>\n<\/span><span class=\"ff3 fc2 fs12 \">Nuestras plataformas surgen de la necesidad de toda instituci\u00f3n por modernizarse y ofrecer las mejores opciones tecnol\u00f3gicas en comunicaci\u00f3n y capacitaci\u00f3n.<\/span><\/p>\n<\/div>\n<\/div>\n<\/div>\n<\/div>\n<p>Queremos que ense\u00f1es y aprendas m\u00faltiples idiomas, carreras, cursos, tutor\u00edas a distancia sin l\u00edmite de espacio y tiempo; adem\u00e1s puedes tener reuniones administrativas, video conferencias en tiempo real.<strong> GTV<\/strong> es el recurso que necesitas para iniciar o hacer crecer tu propio negocio.<\/p>\n<p><img loading=\"lazy\" decoding=\"async\" class=\"aligncenter wp-image-242\" src=\"https:\/\/grupotecnovirtual.com\/portal\/wp-content\/uploads\/2020\/08\/home_0_02_01.jpg\" alt=\"\" width=\"315\" height=\"175\" \/><\/p>\n<h3 style=\"text-align: center;\"><strong>Comunicaci\u00f3n + Educaci\u00f3n = Superaci\u00f3n<\/strong><\/h3>\n<p>GTV hace que todo tu mundo sea m\u00e1s f\u00e1cil, lo que t\u00fa ya sabes lo puedas ense\u00f1ar a otros a trav\u00e9s de la innovaci\u00f3n y as\u00ed apoyarte en tu crecimiento empresarial, fortalecido en los avances de la comunicaci\u00f3n virtual.<\/p>\n<p style=\"text-align: center;\"><strong>TRANSMITIMOS Y ENSE\u00d1AMOS NUESTRO CONOCIMIENTO A OTROS<\/strong><\/p>\n<\/div>\n","protected":false},"excerpt":{"rendered":"<p>Grupo TecnoVirtual, S. A. es una empresa especializada en tecnolog\u00edas de la informaci\u00f3n y la comunicaci\u00f3n (TIC\u2019s), siempre a la vanguardia , que ha dise\u00f1ado programas y plataformas virtuales para instituciones educativas y empresas en Guatemala. Nuestras plataformas surgen de la necesidad de toda instituci\u00f3n por modernizarse y ofrecer las mejores opciones tecnol\u00f3gicas en comunicaci\u00f3n<a class=\"moretag\" href=\"https:\/\/grupotecnovirtual.com\/portal\/?page_id=4\"> Continuar&#8230;<\/a><\/p>\n","protected":false},"author":1,"featured_media":19,"parent":0,"menu_order":0,"comment_status":"closed","ping_status":"closed","template":"","meta":{"_kadence_starter_templates_imported_post":false,"footnotes":""},"prueba_cpi":[],"_links":{"self":[{"href":"https:\/\/grupotecnovirtual.com\/portal\/index.php?rest_route=\/wp\/v2\/pages\/4"}],"collection":[{"href":"https:\/\/grupotecnovirtual.com\/portal\/index.php?rest_route=\/wp\/v2\/pages"}],"about":[{"href":"https:\/\/grupotecnovirtual.com\/portal\/index.php?rest_route=\/wp\/v2\/types\/page"}],"author":[{"embeddable":true,"href":"https:\/\/grupotecnovirtual.com\/portal\/index.php?rest_route=\/wp\/v2\/users\/1"}],"replies":[{"embeddable":true,"href":"https:\/\/grupotecnovirtual.com\/portal\/index.php?rest_route=%2Fwp%2Fv2%2Fcomments&post=4"}],"version-history":[{"count":15,"href":"https:\/\/grupotecnovirtual.com\/portal\/index.php?rest_route=\/wp\/v2\/pages\/4\/revisions"}],"predecessor-version":[{"id":245,"href":"https:\/\/grupotecnovirtual.com\/portal\/index.php?rest_route=\/wp\/v2\/pages\/4\/revisions\/245"}],"wp:featuredmedia":[{"embeddable":true,"href":"https:\/\/grupotecnovirtual.com\/portal\/index.php?rest_route=\/wp\/v2\/media\/19"}],"wp:attachment":[{"href":"https:\/\/grupotecnovirtual.com\/portal\/index.php?rest_route=%2Fwp%2Fv2%2Fmedia&parent=4"}],"wp:term":[{"taxonomy":"prueba_cpi","embeddable":true,"href":"https:\/\/grupotecnovirtual.com\/portal\/index.php?rest_route=%2Fwp%2Fv2%2Fprueba_cpi&post=4"}],"curies":[{"name":"wp","href":"https:\/\/api.w.org\/{rel}","templated":true}]}}